{"id":66,"date":"2024-10-15T17:14:19","date_gmt":"2024-10-15T20:14:19","guid":{"rendered":"https:\/\/odontocape.com.br\/wordpress\/?page_id=66"},"modified":"2025-04-03T15:36:17","modified_gmt":"2025-04-03T18:36:17","slug":"ortodontia","status":"publish","type":"page","link":"https:\/\/odontocape.com.br\/wordpress\/ortodontia\/","title":{"rendered":""},"content":{"rendered":"\t\t<div data-elementor-type=\"wp-page\" data-elementor-id=\"66\" class=\"elementor elementor-66\" data-elementor-post-type=\"page\">\n\t\t\t\t<div class=\"elementor-element elementor-element-5a870f7 e-flex e-con-boxed e-con e-parent\" data-id=\"5a870f7\" data-element_type=\"container\" data-settings=\"{&quot;background_background&quot;:&quot;classic&quot;}\">\n\t\t\t\t\t<div class=\"e-con-inner\">\n\t\t<div class=\"elementor-element elementor-element-9c9cac0 e-con-full e-flex e-con e-child\" data-id=\"9c9cac0\" data-element_type=\"container\">\n\t\t\t\t<div class=\"elementor-element elementor-element-8c0a0c9 elementor-widget__width-initial elementor-widget-mobile__width-initial elementor-widget elementor-widget-image\" data-id=\"8c0a0c9\" data-element_type=\"widget\" data-widget_type=\"image.default\">\n\t\t\t\t<div class=\"elementor-widget-container\">\n\t\t\t\t\t\t\t\t\t\t\t\t\t<img fetchpriority=\"high\" decoding=\"async\" width=\"800\" height=\"250\" src=\"https:\/\/odontocape.com.br\/wordpress\/wp-content\/uploads\/2024\/10\/LOGOMARCA_CHAPADA-removebg-preview-1.png\" class=\"attachment-large size-large wp-image-110\" alt=\"\" srcset=\"https:\/\/odontocape.com.br\/wordpress\/wp-content\/uploads\/2024\/10\/LOGOMARCA_CHAPADA-removebg-preview-1.png 893w, https:\/\/odontocape.com.br\/wordpress\/wp-content\/uploads\/2024\/10\/LOGOMARCA_CHAPADA-removebg-preview-1-300x94.png 300w, https:\/\/odontocape.com.br\/wordpress\/wp-content\/uploads\/2024\/10\/LOGOMARCA_CHAPADA-removebg-preview-1-768x240.png 768w\" sizes=\"(max-width: 800px) 100vw, 800px\" \/>\t\t\t\t\t\t\t\t\t\t\t\t\t<\/div>\n\t\t\t\t<\/div>\n\t\t\t\t<\/div>\n\t\t<div class=\"elementor-element elementor-element-533caa8 e-con-full e-flex e-con e-child\" data-id=\"533caa8\" data-element_type=\"container\">\n\t\t\t\t<div class=\"elementor-element elementor-element-78faf54 elementor-nav-menu__align-end elementor-nav-menu--dropdown-tablet elementor-nav-menu__text-align-aside elementor-nav-menu--toggle elementor-nav-menu--burger elementor-widget elementor-widget-nav-menu\" data-id=\"78faf54\" data-element_type=\"widget\" data-settings=\"{&quot;layout&quot;:&quot;horizontal&quot;,&quot;submenu_icon&quot;:{&quot;value&quot;:&quot;&lt;svg class=\\&quot;e-font-icon-svg e-fas-caret-down\\&quot; viewBox=\\&quot;0 0 320 512\\&quot; xmlns=\\&quot;http:\\\/\\\/www.w3.org\\\/2000\\\/svg\\&quot;&gt;&lt;path d=\\&quot;M31.3 192h257.3c17.8 0 26.7 21.5 14.1 34.1L174.1 354.8c-7.8 7.8-20.5 7.8-28.3 0L17.2 226.1C4.6 213.5 13.5 192 31.3 192z\\&quot;&gt;&lt;\\\/path&gt;&lt;\\\/svg&gt;&quot;,&quot;library&quot;:&quot;fa-solid&quot;},&quot;toggle&quot;:&quot;burger&quot;}\" data-widget_type=\"nav-menu.default\">\n\t\t\t\t<div class=\"elementor-widget-container\">\n\t\t\t\t\t\t<nav aria-label=\"Menu\" class=\"elementor-nav-menu--main elementor-nav-menu__container elementor-nav-menu--layout-horizontal e--pointer-underline e--animation-fade\">\n\t\t\t\t<ul id=\"menu-1-78faf54\" class=\"elementor-nav-menu\"><li class=\"menu-item menu-item-type-post_type menu-item-object-page menu-item-home menu-item-72\"><a href=\"https:\/\/odontocape.com.br\/wordpress\/\" class=\"elementor-item\">Home<\/a><\/li>\n<li class=\"menu-item menu-item-type-post_type menu-item-object-page menu-item-has-children menu-item-73\"><a href=\"https:\/\/odontocape.com.br\/wordpress\/areas-de-atuacao\/\" class=\"elementor-item\">Tratamentos<\/a>\n<ul class=\"sub-menu elementor-nav-menu--dropdown\">\n\t<li class=\"menu-item menu-item-type-custom menu-item-object-custom menu-item-79\"><a href=\"https:\/\/odontocape.com.br\/wordpress\/implante-dentario\/\" class=\"elementor-sub-item\">Implante Dent\u00e1rio<\/a><\/li>\n\t<li class=\"menu-item menu-item-type-custom menu-item-object-custom menu-item-80\"><a href=\"https:\/\/odontocape.com.br\/wordpress\/protese\/\" class=\"elementor-sub-item\">Pr\u00f3tese<\/a><\/li>\n\t<li class=\"menu-item menu-item-type-custom menu-item-object-custom menu-item-81\"><a href=\"https:\/\/odontocape.com.br\/wordpress\/estetica\/\" class=\"elementor-sub-item\">Est\u00e9tica<\/a><\/li>\n\t<li class=\"menu-item menu-item-type-custom menu-item-object-custom menu-item-82\"><a href=\"https:\/\/odontocape.com.br\/wordpress\/ortodontia\/\" class=\"elementor-sub-item\">Ortodontia<\/a><\/li>\n\t<li class=\"menu-item menu-item-type-custom menu-item-object-custom menu-item-83\"><a href=\"https:\/\/odontocape.com.br\/wordpress\/endodontia\/\" class=\"elementor-sub-item\">Endodontia<\/a><\/li>\n\t<li class=\"menu-item menu-item-type-custom menu-item-object-custom menu-item-84\"><a href=\"https:\/\/odontocape.com.br\/wordpress\/odontopediatria\/\" class=\"elementor-sub-item\">Odontopediatra<\/a><\/li>\n<\/ul>\n<\/li>\n<li class=\"menu-item menu-item-type-custom menu-item-object-custom menu-item-75\"><a href=\"https:\/\/odontocape.com.br\/#sobrenos\" class=\"elementor-item elementor-item-anchor\">Sobre N\u00f3s<\/a><\/li>\n<li class=\"menu-item menu-item-type-post_type menu-item-object-page menu-item-has-children menu-item-74\"><a href=\"https:\/\/odontocape.com.br\/wordpress\/unidades\/\" class=\"elementor-item\">Unidades<\/a>\n<ul class=\"sub-menu elementor-nav-menu--dropdown\">\n\t<li class=\"menu-item menu-item-type-custom menu-item-object-custom menu-item-77\"><a href=\"https:\/\/odontocape.com.br\/wordpress\/gracas\/\" class=\"elementor-sub-item\">Gra\u00e7as<\/a><\/li>\n\t<li class=\"menu-item menu-item-type-custom menu-item-object-custom menu-item-78\"><a href=\"https:\/\/odontocape.com.br\/wordpress\/boa-viagem\" class=\"elementor-sub-item\">Boa Viagem<\/a><\/li>\n<\/ul>\n<\/li>\n<li class=\"menu-item menu-item-type-custom menu-item-object-custom menu-item-76\"><a href=\"https:\/\/odontocape.com.br\/#contato\" class=\"elementor-item elementor-item-anchor\">Contato<\/a><\/li>\n<\/ul>\t\t\t<\/nav>\n\t\t\t\t\t<div class=\"elementor-menu-toggle\" role=\"button\" tabindex=\"0\" aria-label=\"Menu Toggle\" aria-expanded=\"false\">\n\t\t\t<svg aria-hidden=\"true\" role=\"presentation\" class=\"elementor-menu-toggle__icon--open e-font-icon-svg e-eicon-menu-bar\" viewBox=\"0 0 1000 1000\" xmlns=\"http:\/\/www.w3.org\/2000\/svg\"><path d=\"M104 333H896C929 333 958 304 958 271S929 208 896 208H104C71 208 42 237 42 271S71 333 104 333ZM104 583H896C929 583 958 554 958 521S929 458 896 458H104C71 458 42 487 42 521S71 583 104 583ZM104 833H896C929 833 958 804 958 771S929 708 896 708H104C71 708 42 737 42 771S71 833 104 833Z\"><\/path><\/svg><svg aria-hidden=\"true\" role=\"presentation\" class=\"elementor-menu-toggle__icon--close e-font-icon-svg e-eicon-close\" viewBox=\"0 0 1000 1000\" xmlns=\"http:\/\/www.w3.org\/2000\/svg\"><path d=\"M742 167L500 408 258 167C246 154 233 150 217 150 196 150 179 158 167 167 154 179 150 196 150 212 150 229 154 242 171 254L408 500 167 742C138 771 138 800 167 829 196 858 225 858 254 829L496 587 738 829C750 842 767 846 783 846 800 846 817 842 829 829 842 817 846 804 846 783 846 767 842 750 829 737L588 500 833 258C863 229 863 200 833 171 804 137 775 137 742 167Z\"><\/path><\/svg>\t\t\t<span class=\"elementor-screen-only\">Menu<\/span>\n\t\t<\/div>\n\t\t\t\t\t<nav class=\"elementor-nav-menu--dropdown elementor-nav-menu__container\" aria-hidden=\"true\">\n\t\t\t\t<ul id=\"menu-2-78faf54\" class=\"elementor-nav-menu\"><li class=\"menu-item menu-item-type-post_type menu-item-object-page menu-item-home menu-item-72\"><a href=\"https:\/\/odontocape.com.br\/wordpress\/\" class=\"elementor-item\" tabindex=\"-1\">Home<\/a><\/li>\n<li class=\"menu-item menu-item-type-post_type menu-item-object-page menu-item-has-children menu-item-73\"><a href=\"https:\/\/odontocape.com.br\/wordpress\/areas-de-atuacao\/\" class=\"elementor-item\" tabindex=\"-1\">Tratamentos<\/a>\n<ul class=\"sub-menu elementor-nav-menu--dropdown\">\n\t<li class=\"menu-item menu-item-type-custom menu-item-object-custom menu-item-79\"><a href=\"https:\/\/odontocape.com.br\/wordpress\/implante-dentario\/\" class=\"elementor-sub-item\" tabindex=\"-1\">Implante Dent\u00e1rio<\/a><\/li>\n\t<li class=\"menu-item menu-item-type-custom menu-item-object-custom menu-item-80\"><a href=\"https:\/\/odontocape.com.br\/wordpress\/protese\/\" class=\"elementor-sub-item\" tabindex=\"-1\">Pr\u00f3tese<\/a><\/li>\n\t<li class=\"menu-item menu-item-type-custom menu-item-object-custom menu-item-81\"><a href=\"https:\/\/odontocape.com.br\/wordpress\/estetica\/\" class=\"elementor-sub-item\" tabindex=\"-1\">Est\u00e9tica<\/a><\/li>\n\t<li class=\"menu-item menu-item-type-custom menu-item-object-custom menu-item-82\"><a href=\"https:\/\/odontocape.com.br\/wordpress\/ortodontia\/\" class=\"elementor-sub-item\" tabindex=\"-1\">Ortodontia<\/a><\/li>\n\t<li class=\"menu-item menu-item-type-custom menu-item-object-custom menu-item-83\"><a href=\"https:\/\/odontocape.com.br\/wordpress\/endodontia\/\" class=\"elementor-sub-item\" tabindex=\"-1\">Endodontia<\/a><\/li>\n\t<li class=\"menu-item menu-item-type-custom menu-item-object-custom menu-item-84\"><a href=\"https:\/\/odontocape.com.br\/wordpress\/odontopediatria\/\" class=\"elementor-sub-item\" tabindex=\"-1\">Odontopediatra<\/a><\/li>\n<\/ul>\n<\/li>\n<li class=\"menu-item menu-item-type-custom menu-item-object-custom menu-item-75\"><a href=\"https:\/\/odontocape.com.br\/#sobrenos\" class=\"elementor-item elementor-item-anchor\" tabindex=\"-1\">Sobre N\u00f3s<\/a><\/li>\n<li class=\"menu-item menu-item-type-post_type menu-item-object-page menu-item-has-children menu-item-74\"><a href=\"https:\/\/odontocape.com.br\/wordpress\/unidades\/\" class=\"elementor-item\" tabindex=\"-1\">Unidades<\/a>\n<ul class=\"sub-menu elementor-nav-menu--dropdown\">\n\t<li class=\"menu-item menu-item-type-custom menu-item-object-custom menu-item-77\"><a href=\"https:\/\/odontocape.com.br\/wordpress\/gracas\/\" class=\"elementor-sub-item\" tabindex=\"-1\">Gra\u00e7as<\/a><\/li>\n\t<li class=\"menu-item menu-item-type-custom menu-item-object-custom menu-item-78\"><a href=\"https:\/\/odontocape.com.br\/wordpress\/boa-viagem\" class=\"elementor-sub-item\" tabindex=\"-1\">Boa Viagem<\/a><\/li>\n<\/ul>\n<\/li>\n<li class=\"menu-item menu-item-type-custom menu-item-object-custom menu-item-76\"><a href=\"https:\/\/odontocape.com.br\/#contato\" class=\"elementor-item elementor-item-anchor\" tabindex=\"-1\">Contato<\/a><\/li>\n<\/ul>\t\t\t<\/nav>\n\t\t\t\t<\/div>\n\t\t\t\t<\/div>\n\t\t\t\t<\/div>\n\t\t\t\t\t<\/div>\n\t\t\t\t<\/div>\n\t\t<div class=\"elementor-element elementor-element-c7e22f5 e-flex e-con-boxed e-con e-parent\" data-id=\"c7e22f5\" data-element_type=\"container\" data-settings=\"{&quot;shape_divider_top&quot;:&quot;waves&quot;}\">\n\t\t\t\t\t<div class=\"e-con-inner\">\n\t\t\t\t<div class=\"elementor-shape elementor-shape-top\" data-negative=\"false\">\n\t\t\t<svg xmlns=\"http:\/\/www.w3.org\/2000\/svg\" viewBox=\"0 0 1000 100\" preserveAspectRatio=\"none\">\n\t<path class=\"elementor-shape-fill\" d=\"M421.9,6.5c22.6-2.5,51.5,0.4,75.5,5.3c23.6,4.9,70.9,23.5,100.5,35.7c75.8,32.2,133.7,44.5,192.6,49.7\n\tc23.6,2.1,48.7,3.5,103.4-2.5c54.7-6,106.2-25.6,106.2-25.6V0H0v30.3c0,0,72,32.6,158.4,30.5c39.2-0.7,92.8-6.7,134-22.4\n\tc21.2-8.1,52.2-18.2,79.7-24.2C399.3,7.9,411.6,7.5,421.9,6.5z\"\/>\n<\/svg>\t\t<\/div>\n\t\t\t\t<div class=\"elementor-element elementor-element-5464c28 elementor-invisible elementor-widget elementor-widget-heading\" data-id=\"5464c28\" data-element_type=\"widget\" data-settings=\"{&quot;_animation&quot;:&quot;zoomIn&quot;}\" data-widget_type=\"heading.default\">\n\t\t\t\t<div class=\"elementor-widget-container\">\n\t\t\t<h2 class=\"elementor-heading-title elementor-size-default\">ORTODONTIA<\/h2>\t\t<\/div>\n\t\t\t\t<\/div>\n\t\t\t\t\t<\/div>\n\t\t\t\t<\/div>\n\t\t<div class=\"elementor-element elementor-element-cdde3b1 e-flex e-con-boxed e-con e-parent\" data-id=\"cdde3b1\" data-element_type=\"container\">\n\t\t\t\t\t<div class=\"e-con-inner\">\n\t\t\t\t<div class=\"elementor-element elementor-element-792b51b elementor-widget elementor-widget-heading\" data-id=\"792b51b\" data-element_type=\"widget\" data-widget_type=\"heading.default\">\n\t\t\t\t<div class=\"elementor-widget-container\">\n\t\t\t<h2 class=\"elementor-heading-title elementor-size-default\">A Ortodontia \u00e9 uma especialidade odontol\u00f3gica focada em corrigir o alinhamento dos dentes e da arcada dent\u00e1ria, proporcionando n\u00e3o apenas uma est\u00e9tica mais harmoniosa, mas tamb\u00e9m melhorias na fun\u00e7\u00e3o mastigat\u00f3ria e na sa\u00fade bucal. Al\u00e9m de resolver problemas de desalinhamento e mordida, o tratamento ortod\u00f4ntico pode prevenir dores de cabe\u00e7a, desgaste dent\u00e1rio e outros problemas relacionados \u00e0 m\u00e1 oclus\u00e3o.<\/h2>\t\t<\/div>\n\t\t\t\t<\/div>\n\t\t\t\t<div class=\"elementor-element elementor-element-636dbb3 animated-slow elementor-invisible elementor-widget elementor-widget-heading\" data-id=\"636dbb3\" data-element_type=\"widget\" data-settings=\"{&quot;_animation&quot;:&quot;fadeInLeft&quot;}\" data-widget_type=\"heading.default\">\n\t\t\t\t<div class=\"elementor-widget-container\">\n\t\t\t<h2 class=\"elementor-heading-title elementor-size-default\">Tipos de tratamento em ortodontia:<\/h2>\t\t<\/div>\n\t\t\t\t<\/div>\n\t\t\t\t<div class=\"elementor-element elementor-element-0fb2d94 elementor-widget elementor-widget-text-editor\" data-id=\"0fb2d94\" data-element_type=\"widget\" data-widget_type=\"text-editor.default\">\n\t\t\t\t<div class=\"elementor-widget-container\">\n\t\t\t\t\t\t\t<p><strong>Aparelhos Fixos:<\/strong> Tradicionalmente feitos de metal ou porcelana, os aparelhos fixos usam braquetes e fios para aplicar uma press\u00e3o gradual nos dentes, reposicionando-os ao longo do tempo.<\/p><p><strong>Alinhadores Transparentes:<\/strong> Uma alternativa moderna e quase invis\u00edvel, os alinhadores remov\u00edveis reposicionam os dentes sem o uso de braquetes, oferecendo discri\u00e7\u00e3o e conforto durante o tratamento.<\/p><p><strong>Aparelhos Funcionais e Ortop\u00e9dicos:<\/strong> Indicado principalmente para crian\u00e7as e adolescentes, esses aparelhos ajudam a corrigir o crescimento \u00f3sseo, prevenindo ou minimizando problemas futuros.<\/p><p><strong>Retentores:<\/strong> Ap\u00f3s o tratamento, os retentores mant\u00eam os dentes na posi\u00e7\u00e3o desejada, evitando que retornem ao desalinhamento original.<\/p>\t\t\t\t\t\t<\/div>\n\t\t\t\t<\/div>\n\t\t\t\t<div class=\"elementor-element elementor-element-cbbfe37 animated-slow elementor-invisible elementor-widget elementor-widget-heading\" data-id=\"cbbfe37\" data-element_type=\"widget\" data-settings=\"{&quot;_animation&quot;:&quot;fadeInLeft&quot;}\" data-widget_type=\"heading.default\">\n\t\t\t\t<div class=\"elementor-widget-container\">\n\t\t\t<h2 class=\"elementor-heading-title elementor-size-default\">Benef\u00edcios da ortodontia: <\/h2>\t\t<\/div>\n\t\t\t\t<\/div>\n\t\t\t\t<div class=\"elementor-element elementor-element-cd4ed9c elementor-widget elementor-widget-text-editor\" data-id=\"cd4ed9c\" data-element_type=\"widget\" data-widget_type=\"text-editor.default\">\n\t\t\t\t<div class=\"elementor-widget-container\">\n\t\t\t\t\t\t\t<p><strong>Est\u00e9tica e Confian\u00e7a:<\/strong> O alinhamento correto dos dentes proporciona um sorriso mais harmonioso, o que aumenta a autoestima e confian\u00e7a ao sorrir.<\/p><p><strong>Melhoria na Mastiga\u00e7\u00e3o e Fala:<\/strong> Dentes alinhados melhoram a efici\u00eancia mastigat\u00f3ria e a pron\u00fancia de sons, o que \u00e9 importante para a sa\u00fade e bem-estar geral.<\/p><p><strong>Preven\u00e7\u00e3o de Problemas Bucais:<\/strong> A Ortodontia reduz o risco de c\u00e1ries e doen\u00e7as gengivais, pois dentes bem alinhados s\u00e3o mais f\u00e1ceis de limpar, favorecendo a higiene bucal.<\/p><p><strong>Sa\u00fade a Longo Prazo:<\/strong> A corre\u00e7\u00e3o da mordida previne o desgaste precoce dos dentes e dores nas articula\u00e7\u00f5es, beneficiando a sa\u00fade bucal e o bem-estar geral.<\/p>\t\t\t\t\t\t<\/div>\n\t\t\t\t<\/div>\n\t\t\t\t<div class=\"elementor-element elementor-element-0b4a794 animated-slow elementor-invisible elementor-widget elementor-widget-heading\" data-id=\"0b4a794\" data-element_type=\"widget\" data-settings=\"{&quot;_animation&quot;:&quot;fadeInLeft&quot;}\" data-widget_type=\"heading.default\">\n\t\t\t\t<div class=\"elementor-widget-container\">\n\t\t\t<h2 class=\"elementor-heading-title elementor-size-default\">Etapas do tratamento ortod\u00f4ntico:<\/h2>\t\t<\/div>\n\t\t\t\t<\/div>\n\t\t\t\t<div class=\"elementor-element elementor-element-4d68ca4 elementor-widget elementor-widget-text-editor\" data-id=\"4d68ca4\" data-element_type=\"widget\" data-widget_type=\"text-editor.default\">\n\t\t\t\t<div class=\"elementor-widget-container\">\n\t\t\t\t\t\t\t<ol><li><p><strong>Avalia\u00e7\u00e3o e Planejamento:<\/strong> O ortodontista realiza uma avalia\u00e7\u00e3o completa com exames de imagem para entender a estrutura \u00f3ssea e planejar o tratamento ideal.<\/p><\/li><li><p><strong>Instala\u00e7\u00e3o do Aparelho ou Alinhador:<\/strong> Ap\u00f3s o planejamento, o aparelho ou alinhador \u00e9 aplicado, iniciando a movimenta\u00e7\u00e3o gradual dos dentes.<\/p><\/li><li><p><strong>Acompanhamento Regular:<\/strong> Consultas peri\u00f3dicas permitem ajustar o aparelho e monitorar o progresso, garantindo que o tratamento ocorra conforme planejado.<\/p><\/li><li><strong>Reten\u00e7\u00e3o:<\/strong> Ap\u00f3s a remo\u00e7\u00e3o do aparelho, o uso de retentores assegura que os dentes permane\u00e7am alinhados.<\/li><\/ol>\t\t\t\t\t\t<\/div>\n\t\t\t\t<\/div>\n\t\t\t\t<div class=\"elementor-element elementor-element-eb5aea2 elementor-align-left elementor-widget__width-initial animated-slow elementor-invisible elementor-widget elementor-widget-button\" data-id=\"eb5aea2\" data-element_type=\"widget\" data-settings=\"{&quot;_animation&quot;:&quot;fadeInLeft&quot;}\" data-widget_type=\"button.default\">\n\t\t\t\t<div class=\"elementor-widget-container\">\n\t\t\t\t\t\t\t<div class=\"elementor-button-wrapper\">\n\t\t\t\t\t<a class=\"elementor-button elementor-button-link elementor-size-sm elementor-animation-pulse\" href=\"https:\/\/wa.link\/i5g5b6\">\n\t\t\t\t\t\t<span class=\"elementor-button-content-wrapper\">\n\t\t\t\t\t\t<span class=\"elementor-button-icon\">\n\t\t\t\t<svg aria-hidden=\"true\" class=\"e-font-icon-svg e-fab-whatsapp\" viewBox=\"0 0 448 512\" xmlns=\"http:\/\/www.w3.org\/2000\/svg\"><path d=\"M380.9 97.1C339 55.1 283.2 32 223.9 32c-122.4 0-222 99.6-222 222 0 39.1 10.2 77.3 29.6 111L0 480l117.7-30.9c32.4 17.7 68.9 27 106.1 27h.1c122.3 0 224.1-99.6 224.1-222 0-59.3-25.2-115-67.1-157zm-157 341.6c-33.2 0-65.7-8.9-94-25.7l-6.7-4-69.8 18.3L72 359.2l-4.4-7c-18.5-29.4-28.2-63.3-28.2-98.2 0-101.7 82.8-184.5 184.6-184.5 49.3 0 95.6 19.2 130.4 54.1 34.8 34.9 56.2 81.2 56.1 130.5 0 101.8-84.9 184.6-186.6 184.6zm101.2-138.2c-5.5-2.8-32.8-16.2-37.9-18-5.1-1.9-8.8-2.8-12.5 2.8-3.7 5.6-14.3 18-17.6 21.8-3.2 3.7-6.5 4.2-12 1.4-32.6-16.3-54-29.1-75.5-66-5.7-9.8 5.7-9.1 16.3-30.3 1.8-3.7.9-6.9-.5-9.7-1.4-2.8-12.5-30.1-17.1-41.2-4.5-10.8-9.1-9.3-12.5-9.5-3.2-.2-6.9-.2-10.6-.2-3.7 0-9.7 1.4-14.8 6.9-5.1 5.6-19.4 19-19.4 46.3 0 27.3 19.9 53.7 22.6 57.4 2.8 3.7 39.1 59.7 94.8 83.8 35.2 15.2 49 16.5 66.6 13.9 10.7-1.6 32.8-13.4 37.4-26.4 4.6-13 4.6-24.1 3.2-26.4-1.3-2.5-5-3.9-10.5-6.6z\"><\/path><\/svg>\t\t\t<\/span>\n\t\t\t\t\t\t\t\t\t<span class=\"elementor-button-text\">Entre em contato<\/span>\n\t\t\t\t\t<\/span>\n\t\t\t\t\t<\/a>\n\t\t\t\t<\/div>\n\t\t\t\t\t\t<\/div>\n\t\t\t\t<\/div>\n\t\t\t\t\t<\/div>\n\t\t\t\t<\/div>\n\t\t\t\t<\/div>\n\t\t","protected":false},"excerpt":{"rendered":"<p>ORTODONTIA A Ortodontia \u00e9 uma especialidade odontol\u00f3gica focada em corrigir o alinhamento dos dentes e da arcada dent\u00e1ria, proporcionando n\u00e3o apenas uma est\u00e9tica mais harmoniosa, mas tamb\u00e9m melhorias na fun\u00e7\u00e3o mastigat\u00f3ria e na sa\u00fade bucal. Al\u00e9m de resolver problemas de desalinhamento e mordida, o tratamento ortod\u00f4ntico pode prevenir dores de cabe\u00e7a, desgaste dent\u00e1rio e outros [&hellip;]<\/p>\n","protected":false},"author":1,"featured_media":0,"parent":0,"menu_order":0,"comment_status":"closed","ping_status":"closed","template":"","meta":{"footnotes":""},"class_list":["post-66","page","type-page","status-publish","hentry"],"_links":{"self":[{"href":"https:\/\/odontocape.com.br\/wordpress\/wp-json\/wp\/v2\/pages\/66","targetHints":{"allow":["GET"]}}],"collection":[{"href":"https:\/\/odontocape.com.br\/wordpress\/wp-json\/wp\/v2\/pages"}],"about":[{"href":"https:\/\/odontocape.com.br\/wordpress\/wp-json\/wp\/v2\/types\/page"}],"author":[{"embeddable":true,"href":"https:\/\/odontocape.com.br\/wordpress\/wp-json\/wp\/v2\/users\/1"}],"replies":[{"embeddable":true,"href":"https:\/\/odontocape.com.br\/wordpress\/wp-json\/wp\/v2\/comments?post=66"}],"version-history":[{"count":38,"href":"https:\/\/odontocape.com.br\/wordpress\/wp-json\/wp\/v2\/pages\/66\/revisions"}],"predecessor-version":[{"id":1244,"href":"https:\/\/odontocape.com.br\/wordpress\/wp-json\/wp\/v2\/pages\/66\/revisions\/1244"}],"wp:attachment":[{"href":"https:\/\/odontocape.com.br\/wordpress\/wp-json\/wp\/v2\/media?parent=66"}],"curies":[{"name":"wp","href":"https:\/\/api.w.org\/{rel}","templated":true}]}}